{"id":140,"date":"2025-11-24T11:18:08","date_gmt":"2025-11-24T11:18:08","guid":{"rendered":"https:\/\/top-motel.ms3.decms.eu\/mentions-legales\/"},"modified":"2025-12-19T13:40:30","modified_gmt":"2025-12-19T13:40:30","slug":"legal-notice","status":"publish","type":"page","link":"https:\/\/www.top-motel.fr\/en\/legal-notice\/","title":{"rendered":"Legal notice"},"content":{"rendered":"<p><span style=\"font-weight: 400;\">Concept, r\u00e9alisation et maintenance du site<\/span><span style=\"font-weight: 400;\"> : Le Site est r\u00e9alis\u00e9 par la soci\u00e9t\u00e9 D-Edge, 64-66 rue des Archives, 75003 Paris ;\u00a0<\/span><\/p>\n<p><span style=\"font-weight: 400;\">Num\u00e9ro de t\u00e9l\u00e9phone : +33 (0)1 76 44 04 35 &#8211; Site officiel : D-EDGE\u00a0 ;\u00a0<\/span><\/p>\n<p><strong>H\u00e9bergement<\/strong><\/p>\n<p><span style=\"font-weight: 400;\">WPEngine, Inc., Irongate House, 22-30 Duke\u2019s Place, London, EC3A 7LP, United Kingdom, Phone: 08 00 50 53 049<\/span><\/p>\n<p><span style=\"font-weight: 400;\">H\u00f4tel Top Motel Istres 27 avenue de Flore 13800 Istres<\/span><\/p>\n<p><span style=\"font-weight: 400;\">T\u00e9l. : +33(0) 4 42 11 89 95 \u2013 Email : reservation.istreshotel@gmail.com<\/span><\/p>\n<p><span style=\"font-weight: 400;\">Sarl Top Motel au capital de 40 000\u20ac enregistr\u00e9e au RCS de Salon de Provence sous le num\u00e9ro 414 937 391 \u2013 Siret : 414 937 391 00012 Code Ape : 5510Z<\/span><\/p>\n<p><span style=\"font-weight: 400;\">N\u00b0 tva intracommunautaire : FR30 414 937 391 ; En cas de litige :<\/span><\/p>\n<p><strong>En cas de litige :\u00a0<\/strong><\/p>\n<p><span style=\"font-weight: 400;\">Pour le m\u00e9diateur de la consommation :<\/span><\/p>\n<p><span style=\"font-weight: 400;\">Apr\u00e8s avoir saisi le service contentieux de l\u2019h\u00f4tel Top Motel Istres ** et \u00e0 d\u00e9faut de r\u00e9ponse satisfaisante dans un d\u00e9lai de 1 mois le client peut saisir le M\u00e9diateur du Tourisme et du Voyage, dont les coordonn\u00e9es et modalit\u00e9s de saisine sont disponibles sur son site: www.mtv.travel.<\/span><\/p>\n<p><span style=\"font-weight: 400;\">L\u2019h\u00f4tel Top Motel ** Istres r\u00e9alise pas de d\u00e9marchage t\u00e9l\u00e9phonique aupr\u00e8s de ses clients. Les appels pass\u00e9s aupr\u00e8s de ses clients concernent uniquement le suivi et la facturation de r\u00e9servation. Si toutefois vous souhaitez vous opposer au d\u00e9marchage t\u00e9l\u00e9phonique, vous pouvez vous inscrire sur une liste d\u2019opposition ici : http:\/\/www.bloctel.gouv.fr\/ ;<\/span><\/p>\n<p><strong>Informatique, libert\u00e9 et responsabilit\u00e9 :<\/strong><\/p>\n<p><span style=\"font-weight: 400;\">Tout utilisateur ayant d\u00e9pos\u00e9 des informations directement ou indirectement nominatives dispose d\u2019un droit d\u2019acc\u00e8s et de rectification conform\u00e9ment \u00e0 la loi n\u00b0 7817 du 6\/01\/78 (Informatique et Libert\u00e9) aupr\u00e8s de l\u2019administrateur du site.<\/span><\/p>\n<p><span style=\"font-weight: 400;\">En acc\u00e9dant \u00e0 ce site, vous \u00eates inform\u00e9 que l\u2019utilisation d\u2019Internet n\u00e9cessite le respect d\u2019un ensemble de l\u00e9gislations relatives notamment aux droits d\u2019auteur et \u00e0 la loi Informatique et Libert\u00e9s. la soci\u00e9t\u00e9 Top Motel (H\u00f4tel Top Motel **) ne peut encourir de responsabilit\u00e9 du fait d\u2019erreurs ou d\u2019omissions, l\u2019\u00e9diteur se r\u00e9servant \u00e9galement le droit de modifier et d\u2019actualiser \u00e0 tout moment les donn\u00e9es du site ;\u00a0<\/span><\/p>\n<p><strong>Copyright :<\/strong><\/p>\n<p><span style=\"font-weight: 400;\">Selon le Code Fran\u00e7ais de la Propri\u00e9t\u00e9 Intellectuelle, la reproduction pour un usage autre que priv\u00e9, la vente, la diffusion, la publication, l\u2019adaptation ou la communication, partielles ou int\u00e9grales, des donn\u00e9es sont strictement soumises \u00e0 l\u2019autorisation \u00e9crite et pr\u00e9alable des d\u00e9tenteurs des droits de Top Motel ;\u00a0<\/span><\/p>\n<p><strong>Le stockage et traitement des donn\u00e9es :<\/strong><\/p>\n<p><span style=\"font-weight: 400;\">Les informations r\u00e9colt\u00e9es sont stock\u00e9es dans nos diff\u00e9rents syst\u00e8mes de r\u00e9servation sur des bases de donn\u00e9es s\u00e9curis\u00e9es et certifi\u00e9es SSL.\u00a0<\/span><\/p>\n<p><span style=\"font-weight: 400;\">Aucune donn\u00e9e personnelle n\u2019est ou ne sera collect\u00e9e \u00e0 votre insu. La soci\u00e9t\u00e9 Arcadia ne collecte et ne traite que les donn\u00e9es personnelles n\u00e9cessaires au bon traitement de votre demande. La soci\u00e9t\u00e9 Arcadia s\u2019engage \u00e0 prendre les mesures n\u00e9cessaires pour garantir la confidentialit\u00e9 des donn\u00e9es et de ne pas divulguer \u00e0 des tiers non autoris\u00e9s.\u00a0<\/span><\/p>\n<p><span style=\"font-weight: 400;\">Conform\u00e9ment \u00e0 la loi n\u00b0 78-17 du 6 janvier 1978, relative \u00e0 l\u2019Informatique, aux Fichiers et aux Libert\u00e9s, vous b\u00e9n\u00e9ficiez, sur simple demande \u00e9crite, d\u2019un droit d\u2019acc\u00e8s et de rectification sur les informations vous concernant. <\/span><\/p>\n","protected":false},"excerpt":{"rendered":"<p>Concept, r\u00e9alisation et maintenance du site : Le Site est r\u00e9alis\u00e9 par la soci\u00e9t\u00e9 D-Edge, 64-66 rue des Archives, 75003 Paris ;\u00a0 Num\u00e9ro de t\u00e9l\u00e9phone : +33 (0)1 76 44 04 35 &#8211; Site officiel : D-EDGE\u00a0 ;\u00a0 H\u00e9bergement WPEngine, Inc., Irongate House, 22-30 Duke\u2019s Place, London, EC3A 7LP, United Kingdom, Phone: 08 00 50 [&hellip;]<\/p>\n","protected":false},"author":15,"featured_media":0,"parent":0,"menu_order":0,"comment_status":"closed","ping_status":"closed","template":"","meta":{"footnotes":""},"class_list":["post-140","page","type-page","status-publish","hentry"],"yoast_head":"<!-- This site is optimized with the Yoast SEO plugin v26.9 - https:\/\/yoast.com\/product\/yoast-seo-wordpress\/ -->\n<title>Legal notice - Top Motel<\/title>\n<meta name=\"robots\" content=\"index, follow, max-snippet:-1, max-image-preview:large, max-video-preview:-1\" \/>\n<link rel=\"canonical\" href=\"https:\/\/www.top-motel.fr\/en\/legal-notice\/\" \/>\n<meta property=\"og:locale\" content=\"en_US\" \/>\n<meta property=\"og:type\" content=\"article\" \/>\n<meta property=\"og:title\" content=\"Legal notice - Top Motel\" \/>\n<meta property=\"og:description\" content=\"Concept, r\u00e9alisation et maintenance du site : Le Site est r\u00e9alis\u00e9 par la soci\u00e9t\u00e9 D-Edge, 64-66 rue des Archives, 75003 Paris ;\u00a0 Num\u00e9ro de t\u00e9l\u00e9phone : +33 (0)1 76 44 04 35 &#8211; Site officiel : D-EDGE\u00a0 ;\u00a0 H\u00e9bergement WPEngine, Inc., Irongate House, 22-30 Duke\u2019s Place, London, EC3A 7LP, United Kingdom, Phone: 08 00 50 [&hellip;]\" \/>\n<meta property=\"og:url\" content=\"https:\/\/www.top-motel.fr\/en\/legal-notice\/\" \/>\n<meta property=\"og:site_name\" content=\"Top Motel\" \/>\n<meta property=\"article:modified_time\" content=\"2025-12-19T13:40:30+00:00\" \/>\n<meta name=\"twitter:card\" content=\"summary_large_image\" \/>\n<meta name=\"twitter:label1\" content=\"Est. reading time\" \/>\n\t<meta name=\"twitter:data1\" content=\"3 minutes\" \/>\n<script type=\"application\/ld+json\" class=\"yoast-schema-graph\">{\"@context\":\"https:\/\/schema.org\",\"@graph\":[{\"@type\":\"WebPage\",\"@id\":\"https:\/\/www.top-motel.fr\/en\/legal-notice\/\",\"url\":\"https:\/\/www.top-motel.fr\/en\/legal-notice\/\",\"name\":\"Legal notice - Top Motel\",\"isPartOf\":{\"@id\":\"https:\/\/www.top-motel.fr\/en\/#website\"},\"datePublished\":\"2025-11-24T11:18:08+00:00\",\"dateModified\":\"2025-12-19T13:40:30+00:00\",\"breadcrumb\":{\"@id\":\"https:\/\/www.top-motel.fr\/en\/legal-notice\/#breadcrumb\"},\"inLanguage\":\"en-US\",\"potentialAction\":[{\"@type\":\"ReadAction\",\"target\":[\"https:\/\/www.top-motel.fr\/en\/legal-notice\/\"]}]},{\"@type\":\"BreadcrumbList\",\"@id\":\"https:\/\/www.top-motel.fr\/en\/legal-notice\/#breadcrumb\",\"itemListElement\":[{\"@type\":\"ListItem\",\"position\":1,\"name\":\"Home\",\"item\":\"https:\/\/www.top-motel.fr\/en\/\"},{\"@type\":\"ListItem\",\"position\":2,\"name\":\"Legal notice\"}]},{\"@type\":\"WebSite\",\"@id\":\"https:\/\/www.top-motel.fr\/en\/#website\",\"url\":\"https:\/\/www.top-motel.fr\/en\/\",\"name\":\"Top Motel\",\"description\":\"\",\"publisher\":{\"@id\":\"https:\/\/www.top-motel.fr\/en\/#organization\"},\"potentialAction\":[{\"@type\":\"SearchAction\",\"target\":{\"@type\":\"EntryPoint\",\"urlTemplate\":\"https:\/\/www.top-motel.fr\/en\/?s={search_term_string}\"},\"query-input\":{\"@type\":\"PropertyValueSpecification\",\"valueRequired\":true,\"valueName\":\"search_term_string\"}}],\"inLanguage\":\"en-US\"},{\"@type\":\"Organization\",\"@id\":\"https:\/\/www.top-motel.fr\/en\/#organization\",\"name\":\"Top Motel\",\"url\":\"https:\/\/www.top-motel.fr\/en\/\",\"logo\":{\"@type\":\"ImageObject\",\"inLanguage\":\"en-US\",\"@id\":\"https:\/\/www.top-motel.fr\/en\/#\/schema\/logo\/image\/\",\"url\":\"https:\/\/top-motel.ms3.decms.eu\/wp-content\/uploads\/sites\/13\/2025\/10\/Logo-Top-Motel-etoile.jpg\",\"contentUrl\":\"https:\/\/top-motel.ms3.decms.eu\/wp-content\/uploads\/sites\/13\/2025\/10\/Logo-Top-Motel-etoile.jpg\",\"width\":1134,\"height\":491,\"caption\":\"Top Motel\"},\"image\":{\"@id\":\"https:\/\/www.top-motel.fr\/en\/#\/schema\/logo\/image\/\"}}]}<\/script>\n<!-- \/ Yoast SEO plugin. -->","yoast_head_json":{"title":"Legal notice - Top Motel","robots":{"index":"index","follow":"follow","max-snippet":"max-snippet:-1","max-image-preview":"max-image-preview:large","max-video-preview":"max-video-preview:-1"},"canonical":"https:\/\/www.top-motel.fr\/en\/legal-notice\/","og_locale":"en_US","og_type":"article","og_title":"Legal notice - Top Motel","og_description":"Concept, r\u00e9alisation et maintenance du site : Le Site est r\u00e9alis\u00e9 par la soci\u00e9t\u00e9 D-Edge, 64-66 rue des Archives, 75003 Paris ;\u00a0 Num\u00e9ro de t\u00e9l\u00e9phone : +33 (0)1 76 44 04 35 &#8211; Site officiel : D-EDGE\u00a0 ;\u00a0 H\u00e9bergement WPEngine, Inc., Irongate House, 22-30 Duke\u2019s Place, London, EC3A 7LP, United Kingdom, Phone: 08 00 50 [&hellip;]","og_url":"https:\/\/www.top-motel.fr\/en\/legal-notice\/","og_site_name":"Top Motel","article_modified_time":"2025-12-19T13:40:30+00:00","twitter_card":"summary_large_image","twitter_misc":{"Est. reading time":"3 minutes"},"schema":{"@context":"https:\/\/schema.org","@graph":[{"@type":"WebPage","@id":"https:\/\/www.top-motel.fr\/en\/legal-notice\/","url":"https:\/\/www.top-motel.fr\/en\/legal-notice\/","name":"Legal notice - Top Motel","isPartOf":{"@id":"https:\/\/www.top-motel.fr\/en\/#website"},"datePublished":"2025-11-24T11:18:08+00:00","dateModified":"2025-12-19T13:40:30+00:00","breadcrumb":{"@id":"https:\/\/www.top-motel.fr\/en\/legal-notice\/#breadcrumb"},"inLanguage":"en-US","potentialAction":[{"@type":"ReadAction","target":["https:\/\/www.top-motel.fr\/en\/legal-notice\/"]}]},{"@type":"BreadcrumbList","@id":"https:\/\/www.top-motel.fr\/en\/legal-notice\/#breadcrumb","itemListElement":[{"@type":"ListItem","position":1,"name":"Home","item":"https:\/\/www.top-motel.fr\/en\/"},{"@type":"ListItem","position":2,"name":"Legal notice"}]},{"@type":"WebSite","@id":"https:\/\/www.top-motel.fr\/en\/#website","url":"https:\/\/www.top-motel.fr\/en\/","name":"Top Motel","description":"","publisher":{"@id":"https:\/\/www.top-motel.fr\/en\/#organization"},"potentialAction":[{"@type":"SearchAction","target":{"@type":"EntryPoint","urlTemplate":"https:\/\/www.top-motel.fr\/en\/?s={search_term_string}"},"query-input":{"@type":"PropertyValueSpecification","valueRequired":true,"valueName":"search_term_string"}}],"inLanguage":"en-US"},{"@type":"Organization","@id":"https:\/\/www.top-motel.fr\/en\/#organization","name":"Top Motel","url":"https:\/\/www.top-motel.fr\/en\/","logo":{"@type":"ImageObject","inLanguage":"en-US","@id":"https:\/\/www.top-motel.fr\/en\/#\/schema\/logo\/image\/","url":"https:\/\/top-motel.ms3.decms.eu\/wp-content\/uploads\/sites\/13\/2025\/10\/Logo-Top-Motel-etoile.jpg","contentUrl":"https:\/\/top-motel.ms3.decms.eu\/wp-content\/uploads\/sites\/13\/2025\/10\/Logo-Top-Motel-etoile.jpg","width":1134,"height":491,"caption":"Top Motel"},"image":{"@id":"https:\/\/www.top-motel.fr\/en\/#\/schema\/logo\/image\/"}}]}},"acf":[],"_links":{"self":[{"href":"https:\/\/www.top-motel.fr\/en\/wp-json\/wp\/v2\/pages\/140","targetHints":{"allow":["GET"]}}],"collection":[{"href":"https:\/\/www.top-motel.fr\/en\/wp-json\/wp\/v2\/pages"}],"about":[{"href":"https:\/\/www.top-motel.fr\/en\/wp-json\/wp\/v2\/types\/page"}],"author":[{"embeddable":true,"href":"https:\/\/www.top-motel.fr\/en\/wp-json\/wp\/v2\/users\/15"}],"replies":[{"embeddable":true,"href":"https:\/\/www.top-motel.fr\/en\/wp-json\/wp\/v2\/comments?post=140"}],"version-history":[{"count":0,"href":"https:\/\/www.top-motel.fr\/en\/wp-json\/wp\/v2\/pages\/140\/revisions"}],"wp:attachment":[{"href":"https:\/\/www.top-motel.fr\/en\/wp-json\/wp\/v2\/media?parent=140"}],"curies":[{"name":"wp","href":"https:\/\/api.w.org\/{rel}","templated":true}]}}